{"id":71,"date":"2023-01-26T14:42:12","date_gmt":"2023-01-26T13:42:12","guid":{"rendered":"https:\/\/preproduction.yupanki.fr\/legun\/?page_id=71"},"modified":"2023-03-15T11:51:25","modified_gmt":"2023-03-15T10:51:25","slug":"qui-suis-je","status":"publish","type":"page","link":"https:\/\/preproduction.yupanki.fr\/legun\/qui-suis-je\/","title":{"rendered":"Qui se cache derri\u00e8re l\u2019appareil photo de LE&nbsp;GUN Production\u00a0?"},"content":{"rendered":"\n<div style=\"height:20px\" aria-hidden=\"true\" class=\"wp-block-spacer\"><\/div>\n\n\n\n<div class=\"wp-block-columns is-layout-flex wp-container-core-columns-is-layout-9d6595d7 wp-block-columns-is-layout-flex\">\n<div class=\"wp-block-column is-layout-flow wp-block-column-is-layout-flow\">\n<figure class=\"wp-block-image size-full centerFig\"><img loading=\"lazy\" decoding=\"async\" width=\"500\" height=\"528\" src=\"https:\/\/preproduction.yupanki.fr\/legun\/wp-content\/uploads\/2023\/03\/photographe-videaste-bourg-en-bresse-macon-ain.jpg\" alt=\"\" class=\"wp-image-182\" srcset=\"https:\/\/preproduction.yupanki.fr\/legun\/wp-content\/uploads\/2023\/03\/photographe-videaste-bourg-en-bresse-macon-ain.jpg?v=1678810721 500w, https:\/\/preproduction.yupanki.fr\/legun\/wp-content\/uploads\/2023\/03\/photographe-videaste-bourg-en-bresse-macon-ain-284x300.jpg?v=1678810721 284w, https:\/\/preproduction.yupanki.fr\/legun\/wp-content\/uploads\/2023\/03\/photographe-videaste-bourg-en-bresse-macon-ain-416x439.jpg?v=1678810721 416w\" sizes=\"auto, (max-width: 500px) 100vw, 500px\" \/><figcaption class=\"wp-element-caption\">Christophe Guenin<br>photograhe et vid\u00e9aste, depuis 2013<\/figcaption><\/figure>\n<\/div>\n\n\n\n<div class=\"wp-block-column is-layout-flow wp-block-column-is-layout-flow\">\n<p>Arriv\u00e9 par <strong>passion<\/strong> dans le <strong>monde de la photo<\/strong> en 2013, les diff\u00e9rentes <strong>opportunit\u00e9s<\/strong> de la vie m\u2019ont conduit \u00e0 me <strong>sp\u00e9cialiser <\/strong>dans le <strong>sport m\u00e9canique<\/strong> notamment les <strong>courses motos<\/strong> et <strong>automobiles<\/strong>. C\u2019est aujourd\u2019hui mon <strong>domaine <\/strong>de <strong>pr\u00e9dilection<\/strong> et pour lequel j\u2019ai une <strong>affection particuli\u00e8re<\/strong>. Que ce soit en <strong>pure photographie<\/strong>, en passant par la <strong>r\u00e9alisation de films<\/strong>, jusqu\u2019au <strong>reportages<\/strong> complets autour d\u2019un \u00e9v\u00e9nement de ce domaine ou un autre.<\/p>\n\n\n\n<p>Je travaille \u00e9galement sur d\u2019<strong>autres types et styles<\/strong> de projets comme les <strong>films d\u2019entreprises<\/strong> et la r\u00e9alisation de <strong>clips de concert<\/strong>.<\/p>\n\n\n\n<p>Bas\u00e9 \u00e0 Vriat pr\u00e8s de <strong>Bourg-en-Bresse<\/strong>, je me d\u00e9place partout dans l\u2019<strong>Ain<\/strong> et pr\u00e8s de <strong>M\u00e2con<\/strong>. Contactez-moi pour <strong>\u00e9changer sur votre proje<\/strong>t. Je suis <strong>disponible<\/strong> et <strong>\u00e0 l\u2019\u00e9coute <\/strong>pour <strong>toutes demandes<\/strong>, questions ou devis, quel que soit le domaine, pour des <strong>photos <\/strong>et\/ou des<strong> vid\u00e9os&nbsp;<\/strong>!<\/p>\n\n\n\n<style>\n.contentContactBlock > svg{\nposition:relative;\ntop: 7px;\nmargin-right: .5rem;\n<\/style>\n<p class=\"has-text-align-center contentContactBlock\">\n\n<svg width=\"20\" height=\"20\" viewBox=\"0 0 71 71\" fill=\"none\" version=\"1.1\" id=\"svg20\" sodipodi:docname=\"LEGUN_svg_1.svg\" inkscape:version=\"1.1.2 (0a00cf5339, 2022-02-04)\" xmlns:inkscape=\"http:\/\/www.inkscape.org\/namespaces\/inkscape\" xmlns:sodipodi=\"http:\/\/sodipodi.sourceforge.net\/DTD\/sodipodi-0.dtd\" xmlns=\"http:\/\/www.w3.org\/2000\/svg\" xmlns:svg=\"http:\/\/www.w3.org\/2000\/svg\">\n  <defs id=\"defs24\"><\/defs>\n  <sodipodi:namedview id=\"namedview22\" pagecolor=\"#ffffff\" bordercolor=\"#666666\" borderopacity=\"1.0\" inkscape:pageshadow=\"2\" inkscape:pageopacity=\"0.0\" inkscape:pagecheckerboard=\"0\" showgrid=\"false\" inkscape:zoom=\"3.943662\" inkscape:cx=\"43.994643\" inkscape:cy=\"33.091072\" inkscape:window-width=\"1600\" inkscape:window-height=\"782\" inkscape:window-x=\"0\" inkscape:window-y=\"0\" inkscape:window-maximized=\"1\" inkscape:current-layer=\"svg20\"><\/sodipodi:namedview>\n  <path d=\"M67.6419 33.9167C67.4147 39.5044 65.7391 44.3395 62.6151 48.422C59.4911 52.5045 54.8264 54.5351 48.6281 54.5351C46.5691 54.5351 44.787 53.96 43.2889 52.8027C41.7908 51.6454 40.7329 50.0124 40.1223 47.9037C39.0786 50.0621 37.7651 51.6809 36.1818 52.7672C34.5914 53.8464 32.7312 54.386 30.6012 54.386C26.8098 54.386 23.913 52.8808 21.9108 49.8704C19.9086 46.86 19.1702 42.8627 19.7027 37.8856C20.363 31.5098 22.2232 26.4049 25.2833 22.5638C28.3434 18.7298 32.0638 16.8057 36.4303 16.8057C39.5046 16.8057 41.9754 17.1394 43.8427 17.7997C45.71 18.46 47.7619 19.4753 49.9984 20.8527L49.8848 21.0018H50.0765L48.1311 42.5716C48.0033 44.7797 48.1524 46.2991 48.5713 47.1298C48.9902 47.9534 49.5582 48.3652 50.2682 48.3652C53.1153 48.3652 55.3944 47.002 57.1126 44.2685C58.8237 41.535 59.7822 38.0915 59.9881 33.9238C60.3928 25.3115 58.7101 18.5949 54.9187 13.7811C51.1273 8.9602 45.284 6.5533 37.3817 6.5533C29.7066 6.5533 23.6077 9.1448 19.085 14.3278C14.5623 19.5108 12.1128 26.5753 11.7294 35.5213C11.3034 44.233 13.1352 51.12 17.239 56.1752C21.3428 61.2304 27.2287 63.758 34.9038 63.758C37.0338 63.758 39.2561 63.5237 41.5565 63.0551C43.8569 62.5865 45.8449 61.9901 47.5205 61.2801L48.9689 67.6062C47.2649 68.6712 45.0994 69.5019 42.4724 70.1054C39.8383 70.7018 37.2681 71 34.7547 71C24.4881 71 16.5858 67.8405 11.0478 61.5144C5.50981 55.1883 2.95381 46.5263 3.38691 35.5213C3.84131 24.6228 7.12151 15.975 13.2204 9.585C19.3193 3.195 27.4204 0 37.5308 0C47.4637 0 55.0678 3.0246 60.3431 9.0738C65.6184 15.1159 68.0466 23.4016 67.6419 33.9167ZM29.1457 37.8856C28.9185 40.9315 29.1386 43.239 29.8131 44.801C30.4876 46.363 31.5881 47.144 33.1075 47.144C34.4778 47.144 35.7061 46.7606 36.7853 46.0009C37.8645 45.2412 38.8088 43.8283 39.6253 41.7693L41.1518 24.5447C40.5909 24.4169 40.0442 24.3104 39.5117 24.2181C38.9792 24.1258 38.4467 24.0832 37.9142 24.0832C35.273 24.0832 33.2566 25.2334 31.8721 27.5338C30.4876 29.8342 29.5788 33.2848 29.1457 37.8856Z\" fill=\"#00737E\" id=\"path18\" style=\"fill:#33afe2;fill-opacity:1\"><\/path>\n<\/svg>\n\nchristopheguenin@sfr.fr<\/p>\n\n<p class=\"has-text-align-center contentContactBlock\">\n\n<svg width=\"20\" height=\"20\" viewBox=\"0 0 73 73\" fill=\"none\" version=\"1.1\" id=\"svg12\" sodipodi:docname=\"LEGUN_svg_2.svg\" inkscape:version=\"1.1.2 (0a00cf5339, 2022-02-04)\" xmlns:inkscape=\"http:\/\/www.inkscape.org\/namespaces\/inkscape\" xmlns:sodipodi=\"http:\/\/sodipodi.sourceforge.net\/DTD\/sodipodi-0.dtd\" xmlns=\"http:\/\/www.w3.org\/2000\/svg\" xmlns:svg=\"http:\/\/www.w3.org\/2000\/svg\">\n  <defs id=\"defs16\"><\/defs>\n  <sodipodi:namedview id=\"namedview14\" pagecolor=\"#ffffff\" bordercolor=\"#666666\" borderopacity=\"1.0\" inkscape:pageshadow=\"2\" inkscape:pageopacity=\"0.0\" inkscape:pagecheckerboard=\"0\" showgrid=\"false\" inkscape:zoom=\"0.47945206\" inkscape:cx=\"-113.67143\" inkscape:cy=\"-182.5\" inkscape:window-width=\"1600\" inkscape:window-height=\"782\" inkscape:window-x=\"0\" inkscape:window-y=\"0\" inkscape:window-maximized=\"1\" inkscape:current-layer=\"svg12\"><\/sodipodi:namedview>\n  <path d=\"M28.5212 25.7908C19.7393 30.8643 33.1348 55.9836 42.7489 50.4356L51.6622 65.8678C47.6034 68.2111 44.1797 69.6857 39.4785 66.9993C26.4261 59.5387 12.0597 34.6676 12.4685 19.834C12.6072 14.6802 15.6513 12.6581 19.6152 10.3659C21.3161 13.3151 26.813 22.8343 28.5212 25.7908ZM32.2004 25.3747C31.2514 25.9222 30.0323 25.601 29.4775 24.6447L21.0825 10.0958C20.535 9.14681 20.8562 7.92771 21.8125 7.37291L26.229 4.82521C27.178 4.27771 28.3971 4.59891 28.9519 5.55521L37.3542 20.1041C37.9017 21.0531 37.5805 22.2722 36.6242 22.8197L32.2004 25.3747ZM55.1516 65.1232C54.2026 65.6707 52.9835 65.3495 52.4287 64.3932L44.0337 49.8443C43.4862 48.8953 43.8074 47.6762 44.7637 47.1214L49.1802 44.5737C50.1292 44.0262 51.3483 44.3474 51.9031 45.3037L60.3054 59.8526C60.8529 60.8016 60.5317 62.0207 59.5754 62.5755L55.1516 65.1232Z\" fill=\"#00737E\" id=\"path10\" style=\"fill:#33afe2;fill-opacity:1\"><\/path>\n<\/svg>\n<a href=\"tel=+33615420069\">06 15 42 00 69<\/a>\n<\/p>\n\n\n\n<div class=\"wp-block-buttons is-layout-flex wp-block-buttons-is-layout-flex\">\n<div class=\"wp-block-button aligncenter\"><a class=\"wp-block-button__link has-white-color has-vivid-cyan-blue-background-color has-text-color has-background wp-element-button\" href=\"https:\/\/preproduction.yupanki.fr\/legun\/boutique\/\" style=\"border-radius:0px\">Ma boutique<\/a><\/div>\n<\/div>\n\n\n\n<div style=\"height:1rem\" aria-hidden=\"true\" class=\"wp-block-spacer\"><\/div>\n\n\n\n<div class=\"wp-block-buttons is-layout-flex wp-block-buttons-is-layout-flex\">\n<div class=\"wp-block-button aligncenter\"><a class=\"wp-block-button__link has-white-color has-vivid-cyan-blue-background-color has-text-color has-background wp-element-button\" href=\"https:\/\/preproduction.yupanki.fr\/legun\/mes-services\/\" style=\"border-radius:0px\">Mes services<\/a><\/div>\n<\/div>\n<\/div>\n<\/div>\n","protected":false},"excerpt":{"rendered":"<p>Arriv\u00e9 par passion dans le monde de la photo en 2013, les diff\u00e9rentes opportunit\u00e9s de la vie m\u2019ont conduit \u00e0 me sp\u00e9cialiser dans le sport m\u00e9canique notamment les courses motos et automobiles. C\u2019est aujourd\u2019hui mon domaine de pr\u00e9dilection et pour lequel j\u2019ai une affection particuli\u00e8re. Que ce soit en pure photographie, en passant par la [&hellip;]<\/p>\n","protected":false},"author":1,"featured_media":0,"parent":0,"menu_order":0,"comment_status":"closed","ping_status":"closed","template":"","meta":{"footnotes":""},"folder":[],"class_list":["post-71","page","type-page","status-publish","hentry"],"yoast_head":"<!-- This site is optimized with the Yoast SEO plugin v20.9 - https:\/\/yoast.com\/wordpress\/plugins\/seo\/ -->\n<title>Un passionn\u00e9 de photo pour vos projets dans l\u2019Ain | LE GUN Production<\/title>\n<meta name=\"description\" content=\"D\u00e9couvrez qui se cache derri\u00e8re l\u2019appareil photo de LE GUN Production, photographe et vid\u00e9aste \u00e0 Bourg-en-Bresse.\" \/>\n<meta name=\"robots\" content=\"index, follow, max-snippet:-1, max-image-preview:large, max-video-preview:-1\" \/>\n<link rel=\"canonical\" href=\"https:\/\/preproduction.yupanki.fr\/legun\/qui-suis-je\/\" \/>\n<meta property=\"og:locale\" content=\"fr_FR\" \/>\n<meta property=\"og:type\" content=\"article\" \/>\n<meta property=\"og:title\" content=\"Un passionn\u00e9 de photo pour vos projets dans l\u2019Ain | LE GUN Production\" \/>\n<meta property=\"og:description\" content=\"D\u00e9couvrez qui se cache derri\u00e8re l\u2019appareil photo de LE GUN Production, photographe et vid\u00e9aste \u00e0 Bourg-en-Bresse.\" \/>\n<meta property=\"og:url\" content=\"https:\/\/preproduction.yupanki.fr\/legun\/qui-suis-je\/\" \/>\n<meta property=\"og:site_name\" content=\"LE GUN Production\" \/>\n<meta property=\"article:modified_time\" content=\"2023-03-15T10:51:25+00:00\" \/>\n<meta property=\"og:image\" content=\"https:\/\/preproduction.yupanki.fr\/legun\/wp-content\/uploads\/2023\/03\/photographe-videaste-bourg-en-bresse-macon-ain.jpg\" \/>\n<meta name=\"twitter:card\" content=\"summary_large_image\" \/>\n<meta name=\"twitter:label1\" content=\"Dur\u00e9e de lecture estim\u00e9e\" \/>\n\t<meta name=\"twitter:data1\" content=\"2 minutes\" \/>\n<script type=\"application\/ld+json\" class=\"yoast-schema-graph\">{\"@context\":\"https:\/\/schema.org\",\"@graph\":[{\"@type\":\"WebPage\",\"@id\":\"https:\/\/preproduction.yupanki.fr\/legun\/qui-suis-je\/\",\"url\":\"https:\/\/preproduction.yupanki.fr\/legun\/qui-suis-je\/\",\"name\":\"Un passionn\u00e9 de photo pour vos projets dans l\u2019Ain | LE GUN Production\",\"isPartOf\":{\"@id\":\"https:\/\/preproduction.yupanki.fr\/legun\/#website\"},\"datePublished\":\"2023-01-26T13:42:12+00:00\",\"dateModified\":\"2023-03-15T10:51:25+00:00\",\"description\":\"D\u00e9couvrez qui se cache derri\u00e8re l\u2019appareil photo de LE GUN Production, photographe et vid\u00e9aste \u00e0 Bourg-en-Bresse.\",\"breadcrumb\":{\"@id\":\"https:\/\/preproduction.yupanki.fr\/legun\/qui-suis-je\/#breadcrumb\"},\"inLanguage\":\"fr-FR\",\"potentialAction\":[{\"@type\":\"ReadAction\",\"target\":[\"https:\/\/preproduction.yupanki.fr\/legun\/qui-suis-je\/\"]}]},{\"@type\":\"BreadcrumbList\",\"@id\":\"https:\/\/preproduction.yupanki.fr\/legun\/qui-suis-je\/#breadcrumb\",\"itemListElement\":[{\"@type\":\"ListItem\",\"position\":1,\"name\":\"Accueil\",\"item\":\"https:\/\/preproduction.yupanki.fr\/legun\/\"},{\"@type\":\"ListItem\",\"position\":2,\"name\":\"Qui se cache derri\u00e8re l\u2019appareil photo de LE&nbsp;GUN Production\u00a0?\"}]},{\"@type\":\"WebSite\",\"@id\":\"https:\/\/preproduction.yupanki.fr\/legun\/#website\",\"url\":\"https:\/\/preproduction.yupanki.fr\/legun\/\",\"name\":\"LE GUN Production\",\"description\":\"\",\"potentialAction\":[{\"@type\":\"SearchAction\",\"target\":{\"@type\":\"EntryPoint\",\"urlTemplate\":\"https:\/\/preproduction.yupanki.fr\/legun\/?s={search_term_string}\"},\"query-input\":\"required name=search_term_string\"}],\"inLanguage\":\"fr-FR\"}]}<\/script>\n<!-- \/ Yoast SEO plugin. -->","yoast_head_json":{"title":"Un passionn\u00e9 de photo pour vos projets dans l\u2019Ain | LE GUN Production","description":"D\u00e9couvrez qui se cache derri\u00e8re l\u2019appareil photo de LE GUN Production, photographe et vid\u00e9aste \u00e0 Bourg-en-Bresse.","robots":{"index":"index","follow":"follow","max-snippet":"max-snippet:-1","max-image-preview":"max-image-preview:large","max-video-preview":"max-video-preview:-1"},"canonical":"https:\/\/preproduction.yupanki.fr\/legun\/qui-suis-je\/","og_locale":"fr_FR","og_type":"article","og_title":"Un passionn\u00e9 de photo pour vos projets dans l\u2019Ain | LE GUN Production","og_description":"D\u00e9couvrez qui se cache derri\u00e8re l\u2019appareil photo de LE GUN Production, photographe et vid\u00e9aste \u00e0 Bourg-en-Bresse.","og_url":"https:\/\/preproduction.yupanki.fr\/legun\/qui-suis-je\/","og_site_name":"LE GUN Production","article_modified_time":"2023-03-15T10:51:25+00:00","og_image":[{"url":"https:\/\/preproduction.yupanki.fr\/legun\/wp-content\/uploads\/2023\/03\/photographe-videaste-bourg-en-bresse-macon-ain.jpg"}],"twitter_card":"summary_large_image","twitter_misc":{"Dur\u00e9e de lecture estim\u00e9e":"2 minutes"},"schema":{"@context":"https:\/\/schema.org","@graph":[{"@type":"WebPage","@id":"https:\/\/preproduction.yupanki.fr\/legun\/qui-suis-je\/","url":"https:\/\/preproduction.yupanki.fr\/legun\/qui-suis-je\/","name":"Un passionn\u00e9 de photo pour vos projets dans l\u2019Ain | LE GUN Production","isPartOf":{"@id":"https:\/\/preproduction.yupanki.fr\/legun\/#website"},"datePublished":"2023-01-26T13:42:12+00:00","dateModified":"2023-03-15T10:51:25+00:00","description":"D\u00e9couvrez qui se cache derri\u00e8re l\u2019appareil photo de LE GUN Production, photographe et vid\u00e9aste \u00e0 Bourg-en-Bresse.","breadcrumb":{"@id":"https:\/\/preproduction.yupanki.fr\/legun\/qui-suis-je\/#breadcrumb"},"inLanguage":"fr-FR","potentialAction":[{"@type":"ReadAction","target":["https:\/\/preproduction.yupanki.fr\/legun\/qui-suis-je\/"]}]},{"@type":"BreadcrumbList","@id":"https:\/\/preproduction.yupanki.fr\/legun\/qui-suis-je\/#breadcrumb","itemListElement":[{"@type":"ListItem","position":1,"name":"Accueil","item":"https:\/\/preproduction.yupanki.fr\/legun\/"},{"@type":"ListItem","position":2,"name":"Qui se cache derri\u00e8re l\u2019appareil photo de LE&nbsp;GUN Production\u00a0?"}]},{"@type":"WebSite","@id":"https:\/\/preproduction.yupanki.fr\/legun\/#website","url":"https:\/\/preproduction.yupanki.fr\/legun\/","name":"LE GUN Production","description":"","potentialAction":[{"@type":"SearchAction","target":{"@type":"EntryPoint","urlTemplate":"https:\/\/preproduction.yupanki.fr\/legun\/?s={search_term_string}"},"query-input":"required name=search_term_string"}],"inLanguage":"fr-FR"}]}},"_links":{"self":[{"href":"https:\/\/preproduction.yupanki.fr\/legun\/wp-json\/wp\/v2\/pages\/71","targetHints":{"allow":["GET"]}}],"collection":[{"href":"https:\/\/preproduction.yupanki.fr\/legun\/wp-json\/wp\/v2\/pages"}],"about":[{"href":"https:\/\/preproduction.yupanki.fr\/legun\/wp-json\/wp\/v2\/types\/page"}],"author":[{"embeddable":true,"href":"https:\/\/preproduction.yupanki.fr\/legun\/wp-json\/wp\/v2\/users\/1"}],"replies":[{"embeddable":true,"href":"https:\/\/preproduction.yupanki.fr\/legun\/wp-json\/wp\/v2\/comments?post=71"}],"version-history":[{"count":29,"href":"https:\/\/preproduction.yupanki.fr\/legun\/wp-json\/wp\/v2\/pages\/71\/revisions"}],"predecessor-version":[{"id":209,"href":"https:\/\/preproduction.yupanki.fr\/legun\/wp-json\/wp\/v2\/pages\/71\/revisions\/209"}],"wp:attachment":[{"href":"https:\/\/preproduction.yupanki.fr\/legun\/wp-json\/wp\/v2\/media?parent=71"}],"wp:term":[{"taxonomy":"folder","embeddable":true,"href":"https:\/\/preproduction.yupanki.fr\/legun\/wp-json\/wp\/v2\/folder?post=71"}],"curies":[{"name":"wp","href":"https:\/\/api.w.org\/{rel}","templated":true}]}}